{"id":11,"date":"2024-03-02T23:44:09","date_gmt":"2024-03-02T22:44:09","guid":{"rendered":"https:\/\/www.digitela.hu\/en\/?page_id=11"},"modified":"2024-03-17T11:19:24","modified_gmt":"2024-03-17T10:19:24","slug":"contacts","status":"publish","type":"page","link":"https:\/\/www.digitela.hu\/en\/contacts\/","title":{"rendered":"Contacts"},"content":{"rendered":"\n<p class=\"has-text-align-center\">Company Name:<br><strong>DIGITela Limited Liability Company<\/strong><\/p>\n\n\n\n<p class=\"has-text-align-center\">Headquarters Address:<br><strong>48 Pet\u0151fi S\u00e1ndor utca, H-2724 \u00dajlengyel, Hungary<\/strong><\/p>\n\n\n\n<p class=\"has-text-align-center\">VAT Number:<br><strong>HU32516054<\/strong><\/p>\n\n\n\n<p class=\"has-text-align-center\">E-Mail:<br><strong> info@digitela.hu<\/strong><\/p>\n\n\n\n<p class=\"has-text-align-center\">Web:<br><strong><a href=\"https:\/\/www.digitela.hu\/en\">https:\/\/www.digitela.hu\/en<\/a><\/strong><\/p>\n","protected":false},"excerpt":{"rendered":"<p>Company Name:DIGITela Limited Liability Company Headquarters Address:48 Pet\u0151fi S\u00e1ndor utca, H-2724 \u00dajlengyel, Hungary VAT Number:HU32516054 E-Mail: info@digitela.hu Web:https:\/\/www.digitela.hu\/en<\/p>\n","protected":false},"author":1,"featured_media":0,"parent":0,"menu_order":0,"comment_status":"closed","ping_status":"closed","template":"","meta":{"footnotes":""},"class_list":["post-11","page","type-page","status-publish","hentry","entry"],"_links":{"self":[{"href":"https:\/\/www.digitela.hu\/en\/wp-json\/wp\/v2\/pages\/11","targetHints":{"allow":["GET"]}}],"collection":[{"href":"https:\/\/www.digitela.hu\/en\/wp-json\/wp\/v2\/pages"}],"about":[{"href":"https:\/\/www.digitela.hu\/en\/wp-json\/wp\/v2\/types\/page"}],"author":[{"embeddable":true,"href":"https:\/\/www.digitela.hu\/en\/wp-json\/wp\/v2\/users\/1"}],"replies":[{"embeddable":true,"href":"https:\/\/www.digitela.hu\/en\/wp-json\/wp\/v2\/comments?post=11"}],"version-history":[{"count":8,"href":"https:\/\/www.digitela.hu\/en\/wp-json\/wp\/v2\/pages\/11\/revisions"}],"predecessor-version":[{"id":33,"href":"https:\/\/www.digitela.hu\/en\/wp-json\/wp\/v2\/pages\/11\/revisions\/33"}],"wp:attachment":[{"href":"https:\/\/www.digitela.hu\/en\/wp-json\/wp\/v2\/media?parent=11"}],"curies":[{"name":"wp","href":"https:\/\/api.w.org\/{rel}","templated":true}]}}